{"id":1094,"date":"2024-01-16T14:45:17","date_gmt":"2024-01-16T13:45:17","guid":{"rendered":"https:\/\/techtime2skill.eu\/politica-de-cookies-ue\/"},"modified":"2024-09-28T19:38:36","modified_gmt":"2024-09-28T17:38:36","slug":"politica-de-cookies-ue","status":"publish","type":"page","link":"https:\/\/techtime2skill.eu\/es\/politica-de-cookies-ue\/","title":{"rendered":"Pol\u00edtica de cookies (UE)"},"content":{"rendered":"<p>[et_pb_section fb_built=\u00bb1&#8243; _builder_version=\u00bb4.23.2&#8243; _module_preset=\u00bbdefault\u00bb background_image=\u00bbhttps:\/\/techtime2skill.eu\/wp-content\/uploads\/2023\/12\/TT2S-Hero.png\u00bb custom_margin=\u00bb0px|0px|0px|0px|true|true\u00bb custom_padding=\u00bb0px|0px|0px|0px|true|true\u00bb locked=\u00bboff\u00bb global_colors_info=\u00bb{}\u00bb theme_builder_area=\u00bbpost_content\u00bb][et_pb_row _builder_version=\u00bb4.23.2&#8243; _module_preset=\u00bbdefault\u00bb global_colors_info=\u00bb{}\u00bb theme_builder_area=\u00bbpost_content\u00bb][et_pb_column type=\u00bb4_4&#8243; _builder_version=\u00bb4.23.2&#8243; _module_preset=\u00bbdefault\u00bb global_colors_info=\u00bb{}\u00bb theme_builder_area=\u00bbpost_content\u00bb][et_pb_image src=\u00bbhttps:\/\/techtime2skill.eu\/wp-content\/uploads\/2023\/12\/TT2S-Logo.png\u00bb title_text=\u00bbTT2S Logo\u00bb url=\u00bbhttps:\/\/techtime2skill.eu\/es\/\u00bb align=\u00bbcenter\u00bb _builder_version=\u00bb4.23.4&#8243; _module_preset=\u00bbdefault\u00bb module_alignment=\u00bbcenter\u00bb max_height=\u00bb120px\u00bb global_colors_info=\u00bb{}\u00bb theme_builder_area=\u00bbpost_content\u00bb][\/et_pb_image][\/et_pb_column][\/et_pb_row][\/et_pb_section][et_pb_section fb_built=\u00bb1&#8243; _builder_version=\u00bb4.23.2&#8243; _module_preset=\u00bbdefault\u00bb background_enable_color=\u00bboff\u00bb locked=\u00bboff\u00bb global_colors_info=\u00bb{}\u00bb theme_builder_area=\u00bbpost_content\u00bb][et_pb_row _builder_version=\u00bb4.23.2&#8243; _module_preset=\u00bbdefault\u00bb global_colors_info=\u00bb{}\u00bb theme_builder_area=\u00bbpost_content\u00bb][et_pb_column type=\u00bb4_4&#8243; _builder_version=\u00bb4.23.2&#8243; _module_preset=\u00bbdefault\u00bb global_colors_info=\u00bb{}\u00bb theme_builder_area=\u00bbpost_content\u00bb][et_pb_text _builder_version=\u00bb4.23.4&#8243; _module_preset=\u00bbdefault\u00bb header_font=\u00bbBebas Neue|||on|||||\u00bb header_text_color=\u00bb#2C2B58&#8243; header_font_size=\u00bb90px\u00bb header_font_size_tablet=\u00bb70px\u00bb header_font_size_phone=\u00bb50px\u00bb header_font_size_last_edited=\u00bbon|tablet\u00bb global_colors_info=\u00bb{%22gcid-37079466-a080-40d9-95e9-f92a57ea0499%22:%91%22header_2_text_color%22%93}\u00bb theme_builder_area=\u00bbpost_content\u00bb]<\/p>\n<h1>POL\u00cdTICA DE COOKIES<\/h1>\n<p>[\/et_pb_text][et_pb_text _builder_version=\u00bb4.23.4&#8243; _module_preset=\u00bbdefault\u00bb text_font=\u00bbNunito Sans||||||||\u00bb text_text_color=\u00bb#404040&#8243; text_font_size=\u00bb20px\u00bb text_line_height=\u00bb1.3em\u00bb link_font=\u00bbNunito Sans|700|||on||||\u00bb link_text_color=\u00bbgcid-37079466-a080-40d9-95e9-f92a57ea0499&#8243; link_font_size=\u00bb20px\u00bb header_2_font=\u00bbBebas Neue||||||||\u00bb header_2_text_color=\u00bbgcid-37079466-a080-40d9-95e9-f92a57ea0499&#8243; header_2_font_size=\u00bb48px\u00bb hover_enabled=\u00bb0&#8243; global_colors_info=\u00bb{%22gcid-37079466-a080-40d9-95e9-f92a57ea0499%22:%91%22link_text_color%22,%22header_2_text_color%22%93}\u00bb theme_builder_area=\u00bbpost_content\u00bb sticky_enabled=\u00bb0&#8243;]Esta pol\u00edtica de cookies se actualiz\u00f3 por \u00faltima vez el 16 de enero de 2024 y se aplica a los ciudadanos y residentes legales permanentes del Espacio Econ\u00f3mico Europeo y Suiza. <\/p>\n<h2>1. Introducci\u00f3n<\/h2>\n<p> Nuestro sitio web, https:\/\/techtime2skill.eu (en lo sucesivo, \u00abel sitio web\u00bb) utiliza cookies y otras tecnolog\u00edas relacionadas (para simplificar, todas estas tecnolog\u00edas se denominan \u00abcookies\u00bb). Tambi\u00e9n colocan cookies terceros contratados por nosotros. En el documento que figura a continuaci\u00f3n, le informamos sobre el uso de cookies en nuestro sitio web.   <\/p>\n<h2>2. \u00bfQu\u00e9 son las cookies?<\/h2>\n<p> Una cookie es un archivo peque\u00f1o y sencillo que se env\u00eda con las p\u00e1ginas de este sitio web y que su navegador almacena en el disco duro de su ordenador u otro dispositivo. La informaci\u00f3n almacenada en \u00e9l puede ser enviada de vuelta a nuestros servidores o a los servidores de los terceros en cuesti\u00f3n durante una visita posterior.  <\/p>\n<h2>3. \u00bfQu\u00e9 son los guiones?<\/h2>\n<p> Un script es un fragmento de c\u00f3digo utilizado para garantizar que nuestro sitio web funcione correctamente y de forma interactiva. Este c\u00f3digo se ejecuta en nuestro servidor o en su dispositivo.  <\/p>\n<h2>4. \u00bfQu\u00e9 es una etiqueta invisible?<\/h2>\n<p> Una etiqueta invisible (o baliza web) es un peque\u00f1o fragmento de texto o imagen invisible en un sitio web, utilizado para rastrear el tr\u00e1fico en un sitio web. Para ello, se almacenan diversos datos sobre usted mediante etiquetas invisibles.  <\/p>\n<h2>5. Cookies<\/h2>\n<h3>5.1 Cookies t\u00e9cnicas o funcionales<\/h3>\n<p> Algunas cookies garantizan que determinadas partes del sitio web funcionen correctamente y que se tengan en cuenta sus preferencias como usuario de la web. Al instalar cookies funcionales, facilitamos su visita a nuestro sitio web. Por ejemplo, no es necesario que introduzca la misma informaci\u00f3n varias veces al visitar nuestro sitio web y los art\u00edculos permanecen en su cesta de la compra hasta que paga. Podemos colocar estas cookies sin su consentimiento.    <\/p>\n<h3>5.2 Cookies estad\u00edsticas<\/h3>\n<p> Utilizamos cookies estad\u00edsticas para optimizar la experiencia de los visitantes de nuestro sitio web. Con estas cookies estad\u00edsticas, obtenemos observaciones sobre el uso de nuestro sitio web. Solicitamos su permiso para colocar cookies estad\u00edsticas.   <\/p>\n<h3>5.3 Cookies de marketing\/seguimiento<\/h3>\n<p> Las cookies de marketing\/seguimiento son cookies o cualquier otra forma de almacenamiento local utilizadas para crear perfiles de los usuarios de Internet con el fin de mostrar publicidad o seguir al usuario de Internet en este sitio web o en varios sitios web con fines de marketing similares. <\/p>\n<h2>6. Cookies colocadas<\/h2>\n<p> WordPress Funcional Consentimiento de servicio wordpress Divi (Elegant Themes) Funcional Consentimiento de servicio divi-(elegant-themes) Varios Prop\u00f3sito pendiente de investigaci\u00f3n Consentimiento de servicio varios <\/p>\n<h2>7. Consentimiento<\/h2>\n<p> Cuando visite nuestro sitio web por primera vez, le mostraremos una ventana emergente con una explicaci\u00f3n sobre las cookies. En cuanto haga clic en \u00abGuardar preferencias\u00bb, nos autorizar\u00e1 a utilizar las categor\u00edas de cookies y extensiones que haya seleccionado en la ventana emergente, tal como se describe en esta pol\u00edtica de cookies. Puede desactivar el uso de cookies a trav\u00e9s de su navegador, pero tenga en cuenta que es posible que nuestro sitio web deje de funcionar correctamente.   <\/p>\n<h3>7.1 Gestionar la configuraci\u00f3n del consentimiento<\/h3>\n<p> Has cargado la pol\u00edtica de cookies sin soporte javascript. En AMP, puede utilizar la pesta\u00f1a de gesti\u00f3n del consentimiento en la parte inferior de la p\u00e1gina.  <\/p>\n<h2>8. Activaci\u00f3n\/desactivaci\u00f3n y eliminaci\u00f3n de cookies<\/h2>\n<p> Puede utilizar su navegador para eliminar las cookies autom\u00e1tica o manualmente. Tambi\u00e9n puede especificar que no se puedan colocar determinadas cookies. Otra opci\u00f3n es cambiar la configuraci\u00f3n de su navegador para que reciba un mensaje cada vez que se instale una cookie. Para m\u00e1s informaci\u00f3n sobre estas opciones, consulte las instrucciones de la secci\u00f3n de Ayuda de su navegador. Tenga en cuenta que nuestro sitio web puede no funcionar correctamente si se desactivan todas las cookies. Si elimina las cookies de su navegador, volver\u00e1n a colocarse con su consentimiento cuando vuelva a visitar nuestros sitios web.      <\/p>\n<h2>9. Sus derechos en materia de datos personales<\/h2>\n<p> Usted tiene los siguientes derechos en relaci\u00f3n con sus datos personales: tiene derecho a saber por qu\u00e9 se necesitan sus datos personales, qu\u00e9 ocurrir\u00e1 con ellos y durante cu\u00e1nto tiempo se conservar\u00e1n. Derecho de acceso: tiene derecho a acceder a sus datos personales que conozcamos. Derecho de rectificaci\u00f3n: tiene derecho a completar, corregir, eliminar o bloquear sus datos personales en cualquier momento. Si nos ha dado su consentimiento para procesar sus datos, tiene derecho a revocar este consentimiento y a que se eliminen sus datos personales. Derecho a transferir sus datos: tiene derecho a solicitar todos sus datos personales al responsable del tratamiento y a transferirlos en su totalidad a otro responsable. Derecho de oposici\u00f3n: puede oponerse al tratamiento de sus datos. Le daremos cumplimiento salvo que existan motivos para ello. Para ejercer estos derechos, p\u00f3ngase en contacto con nosotros. Consulte los datos de contacto al final de esta pol\u00edtica de cookies. Si tiene alguna queja sobre la forma en que procesamos sus datos, nos gustar\u00eda conocerla, pero tambi\u00e9n tiene derecho a presentar una queja ante la autoridad supervisora (la autoridad de protecci\u00f3n de datos).          <\/p>\n<h2>10. Datos de contacto<\/h2>\n<p> Para preguntas y\/o comentarios sobre nuestra pol\u00edtica de cookies y esta declaraci\u00f3n, p\u00f3ngase en contacto con nosotros utilizando los siguientes datos: Simplon.co 55 RUE DE VINCENNES 93100 MONTREUIL Francia Sitio web: https:\/\/techtime2skill.eu Correo electr\u00f3nico: oc.nolpmis@dpgr Esta pol\u00edtica de cookies se sincroniz\u00f3 con cookiedatabase.org el 9 de enero de 2024.[\/et_pb_text][\/et_pb_column][\/et_pb_row][et_pb_row _builder_version=\u00bb4.23.2&#8243; _module_preset=\u00bbdefault\u00bb global_colors_info=\u00bb{}\u00bb theme_builder_area=\u00bbpost_content\u00bb][et_pb_column type=\u00bb4_4&#8243; _builder_version=\u00bb4.23.2&#8243; _module_preset=\u00bbdefault\u00bb global_colors_info=\u00bb{}\u00bb theme_builder_area=\u00bbpost_content\u00bb][et_pb_button button_url=\u00bbhttps:\/\/techtime2skill.eu\/es\/\u00bb button_text=\u00bbVolver a la p\u00e1gina de inicio\u00bb button_alignment=\u00bbcenter\u00bb _builder_version=\u00bb4.23.3&#8243; _module_preset=\u00bbdefault\u00bb custom_button=\u00bbon\u00bb button_text_size=\u00bb14px\u00bb button_text_color=\u00bb#2C2B58&#8243; button_border_width=\u00bb3px\u00bb button_border_color=\u00bb#2C2B58&#8243; button_border_radius=\u00bb24px\u00bb button_font=\u00bbNunito Sans|900||on|||||\u00bb button_use_icon=\u00bboff\u00bb custom_margin=\u00bb0px|0px|0px|0px|true|true\u00bb custom_padding=\u00bb8px|32px|8px|32px|true|true\u00bb button_text_size_tablet=\u00bb14px\u00bb button_text_size_phone=\u00bb12px\u00bb button_text_size_last_edited=\u00bbon|phone\u00bb global_colors_info=\u00bb{}\u00bb theme_builder_area=\u00bbpost_content\u00bb][\/et_pb_button][\/et_pb_column][\/et_pb_row][\/et_pb_section][et_pb_section fb_built=\u00bb1&#8243; _builder_version=\u00bb4.23.3&#8243; _module_preset=\u00bbdefault\u00bb background_color=\u00bb#66BECC\u00bb custom_margin=\u00bb0px|0px|0px|0px|true|true\u00bb custom_padding=\u00bb0px|0px|0px|0px|true|true\u00bb locked=\u00bboff\u00bb global_colors_info=\u00bb{}\u00bb theme_builder_area=\u00bbpost_content\u00bb][et_pb_row _builder_version=\u00bb4.23.2&#8243; _module_preset=\u00bbdefault\u00bb global_colors_info=\u00bb{}\u00bb theme_builder_area=\u00bbpost_content\u00bb][et_pb_column type=\u00bb4_4&#8243; _builder_version=\u00bb4.23.2&#8243; _module_preset=\u00bbdefault\u00bb global_colors_info=\u00bb{}\u00bb theme_builder_area=\u00bbpost_content\u00bb][et_pb_image src=\u00bbhttps:\/\/techtime2skill.eu\/wp-content\/uploads\/2023\/12\/TT2S-Logo.png\u00bb title_text=\u00bbTT2S Logo\u00bb url_new_window=\u00bbon\u00bb align=\u00bbcenter\u00bb _builder_version=\u00bb4.23.4&#8243; _module_preset=\u00bbdefault\u00bb height=\u00bb50px\u00bb filter_brightness=\u00bb10000%\u00bb global_colors_info=\u00bb{}\u00bb theme_builder_area=\u00bbpost_content\u00bb][\/et_pb_image][\/et_pb_column][\/et_pb_row][\/et_pb_section]<\/p>\n","protected":false},"excerpt":{"rendered":"<p>POL\u00cdTICA DE COOKIESEsta pol\u00edtica de cookies se actualiz\u00f3 por \u00faltima vez el 16 de enero de 2024 y se aplica a los ciudadanos y residentes legales permanentes del Espacio Econ\u00f3mico Europeo y Suiza. 1. Introducci\u00f3n Nuestro sitio web, https:\/\/techtime2skill.eu (en lo sucesivo, \u00abel sitio web\u00bb) utiliza cookies y otras tecnolog\u00edas relacionadas (para simplificar, todas estas tecnolog\u00edas se denominan \u00abcookies\u00bb). Tambi\u00e9n colocan cookies terceros contratados por nosotros. En el documento que figura a continuaci\u00f3n, le informamos sobre el uso de cookies en nuestro sitio web. 2. \u00bfQu\u00e9 son las cookies? Una cookie es un archivo peque\u00f1o y sencillo que se env\u00eda con las p\u00e1ginas de este sitio web y que su navegador almacena en el disco duro de su ordenador u otro dispositivo. La informaci\u00f3n almacenada en \u00e9l puede ser enviada de vuelta a nuestros servidores o a los servidores de los terceros en cuesti\u00f3n durante una visita posterior. 3. \u00bfQu\u00e9 son los guiones? Un script es un fragmento de c\u00f3digo utilizado para garantizar que nuestro sitio web funcione correctamente y de forma interactiva. Este c\u00f3digo se ejecuta en nuestro servidor o en su dispositivo. 4. \u00bfQu\u00e9 es una etiqueta invisible? Una etiqueta invisible (o baliza web) es un peque\u00f1o fragmento [&hellip;]<\/p>\n","protected":false},"author":3,"featured_media":0,"parent":0,"menu_order":0,"comment_status":"closed","ping_status":"closed","template":"","meta":{"_et_pb_use_builder":"on","_et_pb_old_content":"","_et_gb_content_width":"","_monsterinsights_skip_tracking":false,"_monsterinsights_sitenote_active":false,"_monsterinsights_sitenote_note":"","_monsterinsights_sitenote_category":0,"footnotes":""},"class_list":["post-1094","page","type-page","status-publish","hentry"],"yoast_head":"<!-- This site is optimized with the Yoast SEO plugin v23.7 - https:\/\/yoast.com\/wordpress\/plugins\/seo\/ -->\n<title>Pol\u00edtica de cookies (UE) - Tech Time 2 Skill<\/title>\n<meta name=\"robots\" content=\"index, follow, max-snippet:-1, max-image-preview:large, max-video-preview:-1\" \/>\n<link rel=\"canonical\" href=\"https:\/\/techtime2skill.eu\/es\/politica-de-cookies-ue\/\" \/>\n<meta property=\"og:locale\" content=\"es_ES\" \/>\n<meta property=\"og:type\" content=\"article\" \/>\n<meta property=\"og:title\" content=\"Pol\u00edtica de cookies (UE) - Tech Time 2 Skill\" \/>\n<meta property=\"og:description\" content=\"POL\u00cdTICA DE COOKIESEsta pol\u00edtica de cookies se actualiz\u00f3 por \u00faltima vez el 16 de enero de 2024 y se aplica a los ciudadanos y residentes legales permanentes del Espacio Econ\u00f3mico Europeo y Suiza. 1. Introducci\u00f3n Nuestro sitio web, https:\/\/techtime2skill.eu (en lo sucesivo, \u00abel sitio web\u00bb) utiliza cookies y otras tecnolog\u00edas relacionadas (para simplificar, todas estas tecnolog\u00edas se denominan \u00abcookies\u00bb). Tambi\u00e9n colocan cookies terceros contratados por nosotros. En el documento que figura a continuaci\u00f3n, le informamos sobre el uso de cookies en nuestro sitio web. 2. \u00bfQu\u00e9 son las cookies? Una cookie es un archivo peque\u00f1o y sencillo que se env\u00eda con las p\u00e1ginas de este sitio web y que su navegador almacena en el disco duro de su ordenador u otro dispositivo. La informaci\u00f3n almacenada en \u00e9l puede ser enviada de vuelta a nuestros servidores o a los servidores de los terceros en cuesti\u00f3n durante una visita posterior. 3. \u00bfQu\u00e9 son los guiones? Un script es un fragmento de c\u00f3digo utilizado para garantizar que nuestro sitio web funcione correctamente y de forma interactiva. Este c\u00f3digo se ejecuta en nuestro servidor o en su dispositivo. 4. \u00bfQu\u00e9 es una etiqueta invisible? Una etiqueta invisible (o baliza web) es un peque\u00f1o fragmento [&hellip;]\" \/>\n<meta property=\"og:url\" content=\"https:\/\/techtime2skill.eu\/es\/politica-de-cookies-ue\/\" \/>\n<meta property=\"og:site_name\" content=\"Tech Time 2 Skill\" \/>\n<meta property=\"article:modified_time\" content=\"2024-09-28T17:38:36+00:00\" \/>\n<meta name=\"twitter:card\" content=\"summary_large_image\" \/>\n<meta name=\"twitter:label1\" content=\"Tiempo de lectura\" \/>\n\t<meta name=\"twitter:data1\" content=\"8 minutos\" \/>\n<script type=\"application\/ld+json\" class=\"yoast-schema-graph\">{\"@context\":\"https:\/\/schema.org\",\"@graph\":[{\"@type\":\"WebPage\",\"@id\":\"https:\/\/techtime2skill.eu\/es\/politica-de-cookies-ue\/\",\"url\":\"https:\/\/techtime2skill.eu\/es\/politica-de-cookies-ue\/\",\"name\":\"Pol\u00edtica de cookies (UE) - Tech Time 2 Skill\",\"isPartOf\":{\"@id\":\"https:\/\/techtime2skill.eu\/es\/#website\"},\"datePublished\":\"2024-01-16T13:45:17+00:00\",\"dateModified\":\"2024-09-28T17:38:36+00:00\",\"breadcrumb\":{\"@id\":\"https:\/\/techtime2skill.eu\/es\/politica-de-cookies-ue\/#breadcrumb\"},\"inLanguage\":\"es\",\"potentialAction\":[{\"@type\":\"ReadAction\",\"target\":[\"https:\/\/techtime2skill.eu\/es\/politica-de-cookies-ue\/\"]}]},{\"@type\":\"BreadcrumbList\",\"@id\":\"https:\/\/techtime2skill.eu\/es\/politica-de-cookies-ue\/#breadcrumb\",\"itemListElement\":[{\"@type\":\"ListItem\",\"position\":1,\"name\":\"Accueil\",\"item\":\"https:\/\/techtime2skill.eu\/es\/\"},{\"@type\":\"ListItem\",\"position\":2,\"name\":\"Pol\u00edtica de cookies (UE)\"}]},{\"@type\":\"WebSite\",\"@id\":\"https:\/\/techtime2skill.eu\/es\/#website\",\"url\":\"https:\/\/techtime2skill.eu\/es\/\",\"name\":\"Tech Time 2 Skill\",\"description\":\"\",\"potentialAction\":[{\"@type\":\"SearchAction\",\"target\":{\"@type\":\"EntryPoint\",\"urlTemplate\":\"https:\/\/techtime2skill.eu\/es\/?s={search_term_string}\"},\"query-input\":{\"@type\":\"PropertyValueSpecification\",\"valueRequired\":true,\"valueName\":\"search_term_string\"}}],\"inLanguage\":\"es\"}]}<\/script>\n<!-- \/ Yoast SEO plugin. -->","yoast_head_json":{"title":"Pol\u00edtica de cookies (UE) - Tech Time 2 Skill","robots":{"index":"index","follow":"follow","max-snippet":"max-snippet:-1","max-image-preview":"max-image-preview:large","max-video-preview":"max-video-preview:-1"},"canonical":"https:\/\/techtime2skill.eu\/es\/politica-de-cookies-ue\/","og_locale":"es_ES","og_type":"article","og_title":"Pol\u00edtica de cookies (UE) - Tech Time 2 Skill","og_description":"POL\u00cdTICA DE COOKIESEsta pol\u00edtica de cookies se actualiz\u00f3 por \u00faltima vez el 16 de enero de 2024 y se aplica a los ciudadanos y residentes legales permanentes del Espacio Econ\u00f3mico Europeo y Suiza. 1. Introducci\u00f3n Nuestro sitio web, https:\/\/techtime2skill.eu (en lo sucesivo, \u00abel sitio web\u00bb) utiliza cookies y otras tecnolog\u00edas relacionadas (para simplificar, todas estas tecnolog\u00edas se denominan \u00abcookies\u00bb). Tambi\u00e9n colocan cookies terceros contratados por nosotros. En el documento que figura a continuaci\u00f3n, le informamos sobre el uso de cookies en nuestro sitio web. 2. \u00bfQu\u00e9 son las cookies? Una cookie es un archivo peque\u00f1o y sencillo que se env\u00eda con las p\u00e1ginas de este sitio web y que su navegador almacena en el disco duro de su ordenador u otro dispositivo. La informaci\u00f3n almacenada en \u00e9l puede ser enviada de vuelta a nuestros servidores o a los servidores de los terceros en cuesti\u00f3n durante una visita posterior. 3. \u00bfQu\u00e9 son los guiones? Un script es un fragmento de c\u00f3digo utilizado para garantizar que nuestro sitio web funcione correctamente y de forma interactiva. Este c\u00f3digo se ejecuta en nuestro servidor o en su dispositivo. 4. \u00bfQu\u00e9 es una etiqueta invisible? Una etiqueta invisible (o baliza web) es un peque\u00f1o fragmento [&hellip;]","og_url":"https:\/\/techtime2skill.eu\/es\/politica-de-cookies-ue\/","og_site_name":"Tech Time 2 Skill","article_modified_time":"2024-09-28T17:38:36+00:00","twitter_card":"summary_large_image","twitter_misc":{"Tiempo de lectura":"8 minutos"},"schema":{"@context":"https:\/\/schema.org","@graph":[{"@type":"WebPage","@id":"https:\/\/techtime2skill.eu\/es\/politica-de-cookies-ue\/","url":"https:\/\/techtime2skill.eu\/es\/politica-de-cookies-ue\/","name":"Pol\u00edtica de cookies (UE) - Tech Time 2 Skill","isPartOf":{"@id":"https:\/\/techtime2skill.eu\/es\/#website"},"datePublished":"2024-01-16T13:45:17+00:00","dateModified":"2024-09-28T17:38:36+00:00","breadcrumb":{"@id":"https:\/\/techtime2skill.eu\/es\/politica-de-cookies-ue\/#breadcrumb"},"inLanguage":"es","potentialAction":[{"@type":"ReadAction","target":["https:\/\/techtime2skill.eu\/es\/politica-de-cookies-ue\/"]}]},{"@type":"BreadcrumbList","@id":"https:\/\/techtime2skill.eu\/es\/politica-de-cookies-ue\/#breadcrumb","itemListElement":[{"@type":"ListItem","position":1,"name":"Accueil","item":"https:\/\/techtime2skill.eu\/es\/"},{"@type":"ListItem","position":2,"name":"Pol\u00edtica de cookies (UE)"}]},{"@type":"WebSite","@id":"https:\/\/techtime2skill.eu\/es\/#website","url":"https:\/\/techtime2skill.eu\/es\/","name":"Tech Time 2 Skill","description":"","potentialAction":[{"@type":"SearchAction","target":{"@type":"EntryPoint","urlTemplate":"https:\/\/techtime2skill.eu\/es\/?s={search_term_string}"},"query-input":{"@type":"PropertyValueSpecification","valueRequired":true,"valueName":"search_term_string"}}],"inLanguage":"es"}]}},"_links":{"self":[{"href":"https:\/\/techtime2skill.eu\/es\/wp-json\/wp\/v2\/pages\/1094","targetHints":{"allow":["GET"]}}],"collection":[{"href":"https:\/\/techtime2skill.eu\/es\/wp-json\/wp\/v2\/pages"}],"about":[{"href":"https:\/\/techtime2skill.eu\/es\/wp-json\/wp\/v2\/types\/page"}],"author":[{"embeddable":true,"href":"https:\/\/techtime2skill.eu\/es\/wp-json\/wp\/v2\/users\/3"}],"replies":[{"embeddable":true,"href":"https:\/\/techtime2skill.eu\/es\/wp-json\/wp\/v2\/comments?post=1094"}],"version-history":[{"count":4,"href":"https:\/\/techtime2skill.eu\/es\/wp-json\/wp\/v2\/pages\/1094\/revisions"}],"predecessor-version":[{"id":1111,"href":"https:\/\/techtime2skill.eu\/es\/wp-json\/wp\/v2\/pages\/1094\/revisions\/1111"}],"wp:attachment":[{"href":"https:\/\/techtime2skill.eu\/es\/wp-json\/wp\/v2\/media?parent=1094"}],"curies":[{"name":"wp","href":"https:\/\/api.w.org\/{rel}","templated":true}]}}