{"id":1086,"date":"2024-01-09T17:28:40","date_gmt":"2024-01-09T16:28:40","guid":{"rendered":"https:\/\/techtime2skill.eu\/informacion-juridica\/"},"modified":"2024-09-28T19:27:55","modified_gmt":"2024-09-28T17:27:55","slug":"informacion-juridica","status":"publish","type":"page","link":"https:\/\/techtime2skill.eu\/es\/informacion-juridica\/","title":{"rendered":"Informaci\u00f3n jur\u00eddica"},"content":{"rendered":"<p>[et_pb_section fb_built=\u00bb1&#8243; _builder_version=\u00bb4.23.2&#8243; _module_preset=\u00bbdefault\u00bb background_image=\u00bbhttps:\/\/techtime2skill.eu\/wp-content\/uploads\/2023\/12\/TT2S-Hero.png\u00bb custom_margin=\u00bb0px|0px|0px|0px|true|true\u00bb custom_padding=\u00bb0px|0px|0px|0px|true|true\u00bb locked=\u00bboff\u00bb global_colors_info=\u00bb{}\u00bb][et_pb_row _builder_version=\u00bb4.23.2&#8243; _module_preset=\u00bbdefault\u00bb global_colors_info=\u00bb{}\u00bb][et_pb_column type=\u00bb4_4&#8243; _builder_version=\u00bb4.23.2&#8243; _module_preset=\u00bbdefault\u00bb global_colors_info=\u00bb{}\u00bb][et_pb_image src=\u00bbhttps:\/\/techtime2skill.eu\/wp-content\/uploads\/2023\/12\/TT2S-Logo.png\u00bb title_text=\u00bbTT2S Logo\u00bb url=\u00bbhttps:\/\/techtime2skill.eu\/es\/\u00bb align=\u00bbcenter\u00bb _builder_version=\u00bb4.23.4&#8243; _module_preset=\u00bbdefault\u00bb module_alignment=\u00bbcenter\u00bb max_height=\u00bb120px\u00bb global_colors_info=\u00bb{}\u00bb][\/et_pb_image][\/et_pb_column][\/et_pb_row][\/et_pb_section][et_pb_section fb_built=\u00bb1&#8243; _builder_version=\u00bb4.23.2&#8243; _module_preset=\u00bbdefault\u00bb background_enable_color=\u00bboff\u00bb locked=\u00bboff\u00bb global_colors_info=\u00bb{}\u00bb][et_pb_row _builder_version=\u00bb4.23.2&#8243; _module_preset=\u00bbdefault\u00bb global_colors_info=\u00bb{}\u00bb][et_pb_column type=\u00bb4_4&#8243; _builder_version=\u00bb4.23.2&#8243; _module_preset=\u00bbdefault\u00bb global_colors_info=\u00bb{}\u00bb][et_pb_text _builder_version=\u00bb4.23.4&#8243; _module_preset=\u00bbdefault\u00bb header_font=\u00bbBebas Neue|||on|||||\u00bb header_text_color=\u00bb#2C2B58&#8243; header_font_size=\u00bb90px\u00bb header_font_size_tablet=\u00bb70px\u00bb header_font_size_phone=\u00bb50px\u00bb header_font_size_last_edited=\u00bbon|tablet\u00bb global_colors_info=\u00bb{%22gcid-37079466-a080-40d9-95e9-f92a57ea0499%22:%91%22header_2_text_color%22%93}\u00bb]<\/p>\n<h1>Informaci\u00f3n jur\u00eddica<\/h1>\n<p>[\/et_pb_text][et_pb_text _builder_version=\u00bb4.27.0&#8243; _module_preset=\u00bbdefault\u00bb text_font=\u00bbNunito Sans||||||||\u00bb text_text_color=\u00bb#404040&#8243; text_font_size=\u00bb20px\u00bb text_line_height=\u00bb1.3em\u00bb link_font=\u00bbNunito Sans|700|||on||||\u00bb link_text_color=\u00bbgcid-37079466-a080-40d9-95e9-f92a57ea0499&#8243; link_font_size=\u00bb20px\u00bb header_2_font=\u00bbBebas Neue||||||||\u00bb header_2_text_color=\u00bbgcid-37079466-a080-40d9-95e9-f92a57ea0499&#8243; header_2_font_size=\u00bb48px\u00bb hover_enabled=\u00bb0&#8243; global_colors_info=\u00bb{%22gcid-37079466-a080-40d9-95e9-f92a57ea0499%22:%91%22link_text_color%22,%22header_2_text_color%22%93}\u00bb sticky_enabled=\u00bb0&#8243;]<\/p>\n<h2>Editorial<\/h2>\n<p> Sitio editado por <strong>Simplon.co SAS<\/strong>, sociedad acreditada por ESUS con un capital social de 448.390 euros <strong>RCS Bobigny:<\/strong> 792 791 329 Registrado como organismo de formaci\u00f3n en la DIRECCTE Ile-de-France con el n\u00famero 11 93 06676 93. Este registro no constituye una autorizaci\u00f3n gubernamental.  <\/p>\n<h2>Persona responsable de la publicaci\u00f3n<\/h2>\n<p> Puede ponerse en contacto con Fr\u00e9d\u00e9ric Bardeau en <em>inbox (at) simplon (point) co<\/em><\/p>\n<h2>Alojamiento<\/h2>\n<p> OVH, sociedad por acciones simplificada con domicilio social en 2 rue Kellermann, 59100 Roubaix y cuyo n\u00famero de tel\u00e9fono es 0820 698 765. <\/p>\n<h2>Dise\u00f1o, desarrollo, integraci\u00f3n e implantaci\u00f3n<\/h2>\n<p><strong>Mindblow SAS<\/strong> <a href=\"https:\/\/mindblow.fr\/\" target=\"_blank\" rel=\"noopener\" title=\"Wordpress Agencia Lyon\">Agencia de Comunicaci\u00f3n Lyon<\/a> 23 Boulevard des belges 69006 Lyon <strong>Contacto:<\/strong> contact [@] mindblow.fr <strong>SIRET<\/strong>: 92011742100015 <strong>Tel:<\/strong> 06 24 06 24 80    <\/p>\n<h2>Datos personales y pol\u00edtica de privacidad<\/h2>\n<p> Los datos personales recogidos en este sitio son tratados por SAS Simplon.co y sus filiales. Los formularios de nuestro sitio nos permiten facilitar su inscripci\u00f3n en los cursos de formaci\u00f3n presentados en el sitio. Puede optar por no facilitarnos datos, pero algunos de ellos son necesarios para inscribirle o para ponernos en contacto con usted antes de que se inscriba. Los datos personales recogidos se ponen en conocimiento de los destinatarios de los formularios, dentro de los departamentos regionales y los equipos de la sede central. Los datos personales recogidos se conservan durante un periodo de cinco (5) a\u00f1os. Este tratamiento de datos se realiza sobre la base legal del cumplimiento de nuestras obligaciones contractuales y de su consentimiento solicitado por Simplon.co. En t\u00e9rminos de seguridad: tenga en cuenta que sus datos se almacenan en servidores ubicados en Europa, que el acceso a nuestras instalaciones es seguro y que todos nuestros contratos de trabajo, nuestros contratos con nuestros proveedores de servicios y nuestros contratos comerciales se han actualizado para incluir nuestras obligaciones como subcontratistas o procesadores de datos conjuntos en el sentido del RGPD. Para ejercer estos derechos o si tiene alguna pregunta sobre el tratamiento de sus datos en nuestro sitio web, puede ponerse en contacto con nosotros a trav\u00e9s de rgpd@simplon.co o por correo postal A la atenci\u00f3n del Responsable de Protecci\u00f3n de Datos &#8211; Simplon.co &#8211; 55 Rue de Vincennes &#8211; 93 100 Montreuil Si, despu\u00e9s de ponerse en contacto con nosotros, considera que sus derechos en materia de Tratamiento de Datos, Ficheros de Datos y Libertades Individuales no se han respetado o no se ajustan a las normas de protecci\u00f3n de datos, puede presentar una reclamaci\u00f3n ante la CNIL.[\/et_pb_text][\/et_pb_column][\/et_pb_row][et_pb_row _builder_version=\u00bb4.23.2&#8243; _module_preset=\u00bbdefault\u00bb global_colors_info=\u00bb{}\u00bb][et_pb_column type=\u00bb4_4&#8243; _builder_version=\u00bb4.23.2&#8243; _module_preset=\u00bbdefault\u00bb global_colors_info=\u00bb{}\u00bb][et_pb_button button_url=\u00bbhttps:\/\/techtime2skill.eu\/es\/\u00bb button_text=\u00bbVolver a la p\u00e1gina de inicio\u00bb button_alignment=\u00bbcenter\u00bb _builder_version=\u00bb4.23.3&#8243; _module_preset=\u00bbdefault\u00bb custom_button=\u00bbon\u00bb button_text_size=\u00bb14px\u00bb button_text_color=\u00bb#2C2B58&#8243; button_border_width=\u00bb3px\u00bb button_border_color=\u00bb#2C2B58&#8243; button_border_radius=\u00bb24px\u00bb button_font=\u00bbNunito Sans|900||on|||||\u00bb button_use_icon=\u00bboff\u00bb custom_margin=\u00bb0px|0px|0px|0px|true|true\u00bb custom_padding=\u00bb8px|32px|8px|32px|true|true\u00bb button_text_size_tablet=\u00bb14px\u00bb button_text_size_phone=\u00bb12px\u00bb button_text_size_last_edited=\u00bbon|phone\u00bb global_colors_info=\u00bb{}\u00bb][\/et_pb_button][\/et_pb_column][\/et_pb_row][\/et_pb_section][et_pb_section fb_built=\u00bb1&#8243; _builder_version=\u00bb4.23.3&#8243; _module_preset=\u00bbdefault\u00bb background_color=\u00bb#66BECC\u00bb custom_margin=\u00bb0px|0px|0px|0px|true|true\u00bb custom_padding=\u00bb0px|0px|0px|0px|true|true\u00bb locked=\u00bboff\u00bb global_colors_info=\u00bb{}\u00bb][et_pb_row _builder_version=\u00bb4.23.2&#8243; _module_preset=\u00bbdefault\u00bb global_colors_info=\u00bb{}\u00bb][et_pb_column type=\u00bb4_4&#8243; _builder_version=\u00bb4.23.2&#8243; _module_preset=\u00bbdefault\u00bb global_colors_info=\u00bb{}\u00bb][et_pb_image src=\u00bbhttps:\/\/techtime2skill.eu\/wp-content\/uploads\/2023\/12\/TT2S-Logo.png\u00bb title_text=\u00bbTT2S Logo\u00bb url_new_window=\u00bbon\u00bb align=\u00bbcenter\u00bb _builder_version=\u00bb4.23.4&#8243; _module_preset=\u00bbdefault\u00bb height=\u00bb50px\u00bb filter_brightness=\u00bb10000%\u00bb global_colors_info=\u00bb{}\u00bb][\/et_pb_image][\/et_pb_column][\/et_pb_row][\/et_pb_section]<\/p>\n","protected":false},"excerpt":{"rendered":"<p>Informaci\u00f3n jur\u00eddicaEditorial Sitio editado por Simplon.co SAS, sociedad acreditada por ESUS con un capital social de 448.390 euros RCS Bobigny: 792 791 329 Registrado como organismo de formaci\u00f3n en la DIRECCTE Ile-de-France con el n\u00famero 11 93 06676 93. Este registro no constituye una autorizaci\u00f3n gubernamental. Persona responsable de la publicaci\u00f3n Puede ponerse en contacto con Fr\u00e9d\u00e9ric Bardeau en inbox (at) simplon (point) co Alojamiento OVH, sociedad por acciones simplificada con domicilio social en 2 rue Kellermann, 59100 Roubaix y cuyo n\u00famero de tel\u00e9fono es 0820 698 765. Dise\u00f1o, desarrollo, integraci\u00f3n e implantaci\u00f3n Mindblow SAS Agencia de Comunicaci\u00f3n Lyon 23 Boulevard des belges 69006 Lyon Contacto: contact [@] mindblow.fr SIRET: 92011742100015 Tel: 06 24 06 24 80 Datos personales y pol\u00edtica de privacidad Los datos personales recogidos en este sitio son tratados por SAS Simplon.co y sus filiales. Los formularios de nuestro sitio nos permiten facilitar su inscripci\u00f3n en los cursos de formaci\u00f3n presentados en el sitio. Puede optar por no facilitarnos datos, pero algunos de ellos son necesarios para inscribirle o para ponernos en contacto con usted antes de que se inscriba. Los datos personales recogidos se ponen en conocimiento de los destinatarios de los formularios, dentro de los [&hellip;]<\/p>\n","protected":false},"author":3,"featured_media":0,"parent":0,"menu_order":0,"comment_status":"closed","ping_status":"closed","template":"","meta":{"_et_pb_use_builder":"on","_et_pb_old_content":"","_et_gb_content_width":"","_monsterinsights_skip_tracking":false,"_monsterinsights_sitenote_active":false,"_monsterinsights_sitenote_note":"","_monsterinsights_sitenote_category":0,"footnotes":""},"class_list":["post-1086","page","type-page","status-publish","hentry"],"yoast_head":"<!-- This site is optimized with the Yoast SEO plugin v23.7 - https:\/\/yoast.com\/wordpress\/plugins\/seo\/ -->\n<title>Informaci\u00f3n jur\u00eddica - Tech Time 2 Skill<\/title>\n<meta name=\"robots\" content=\"index, follow, max-snippet:-1, max-image-preview:large, max-video-preview:-1\" \/>\n<link rel=\"canonical\" href=\"https:\/\/techtime2skill.eu\/es\/informacion-juridica\/\" \/>\n<meta property=\"og:locale\" content=\"es_ES\" \/>\n<meta property=\"og:type\" content=\"article\" \/>\n<meta property=\"og:title\" content=\"Informaci\u00f3n jur\u00eddica - Tech Time 2 Skill\" \/>\n<meta property=\"og:description\" content=\"Informaci\u00f3n jur\u00eddicaEditorial Sitio editado por Simplon.co SAS, sociedad acreditada por ESUS con un capital social de 448.390 euros RCS Bobigny: 792 791 329 Registrado como organismo de formaci\u00f3n en la DIRECCTE Ile-de-France con el n\u00famero 11 93 06676 93. Este registro no constituye una autorizaci\u00f3n gubernamental. Persona responsable de la publicaci\u00f3n Puede ponerse en contacto con Fr\u00e9d\u00e9ric Bardeau en inbox (at) simplon (point) co Alojamiento OVH, sociedad por acciones simplificada con domicilio social en 2 rue Kellermann, 59100 Roubaix y cuyo n\u00famero de tel\u00e9fono es 0820 698 765. Dise\u00f1o, desarrollo, integraci\u00f3n e implantaci\u00f3n Mindblow SAS Agencia de Comunicaci\u00f3n Lyon 23 Boulevard des belges 69006 Lyon Contacto: contact [@] mindblow.fr SIRET: 92011742100015 Tel: 06 24 06 24 80 Datos personales y pol\u00edtica de privacidad Los datos personales recogidos en este sitio son tratados por SAS Simplon.co y sus filiales. Los formularios de nuestro sitio nos permiten facilitar su inscripci\u00f3n en los cursos de formaci\u00f3n presentados en el sitio. Puede optar por no facilitarnos datos, pero algunos de ellos son necesarios para inscribirle o para ponernos en contacto con usted antes de que se inscriba. Los datos personales recogidos se ponen en conocimiento de los destinatarios de los formularios, dentro de los [&hellip;]\" \/>\n<meta property=\"og:url\" content=\"https:\/\/techtime2skill.eu\/es\/informacion-juridica\/\" \/>\n<meta property=\"og:site_name\" content=\"Tech Time 2 Skill\" \/>\n<meta property=\"article:modified_time\" content=\"2024-09-28T17:27:55+00:00\" \/>\n<meta name=\"twitter:card\" content=\"summary_large_image\" \/>\n<meta name=\"twitter:label1\" content=\"Tiempo de lectura\" \/>\n\t<meta name=\"twitter:data1\" content=\"5 minutos\" \/>\n<script type=\"application\/ld+json\" class=\"yoast-schema-graph\">{\"@context\":\"https:\/\/schema.org\",\"@graph\":[{\"@type\":\"WebPage\",\"@id\":\"https:\/\/techtime2skill.eu\/es\/informacion-juridica\/\",\"url\":\"https:\/\/techtime2skill.eu\/es\/informacion-juridica\/\",\"name\":\"Informaci\u00f3n jur\u00eddica - Tech Time 2 Skill\",\"isPartOf\":{\"@id\":\"https:\/\/techtime2skill.eu\/es\/#website\"},\"datePublished\":\"2024-01-09T16:28:40+00:00\",\"dateModified\":\"2024-09-28T17:27:55+00:00\",\"breadcrumb\":{\"@id\":\"https:\/\/techtime2skill.eu\/es\/informacion-juridica\/#breadcrumb\"},\"inLanguage\":\"es\",\"potentialAction\":[{\"@type\":\"ReadAction\",\"target\":[\"https:\/\/techtime2skill.eu\/es\/informacion-juridica\/\"]}]},{\"@type\":\"BreadcrumbList\",\"@id\":\"https:\/\/techtime2skill.eu\/es\/informacion-juridica\/#breadcrumb\",\"itemListElement\":[{\"@type\":\"ListItem\",\"position\":1,\"name\":\"Accueil\",\"item\":\"https:\/\/techtime2skill.eu\/es\/\"},{\"@type\":\"ListItem\",\"position\":2,\"name\":\"Informaci\u00f3n jur\u00eddica\"}]},{\"@type\":\"WebSite\",\"@id\":\"https:\/\/techtime2skill.eu\/es\/#website\",\"url\":\"https:\/\/techtime2skill.eu\/es\/\",\"name\":\"Tech Time 2 Skill\",\"description\":\"\",\"potentialAction\":[{\"@type\":\"SearchAction\",\"target\":{\"@type\":\"EntryPoint\",\"urlTemplate\":\"https:\/\/techtime2skill.eu\/es\/?s={search_term_string}\"},\"query-input\":{\"@type\":\"PropertyValueSpecification\",\"valueRequired\":true,\"valueName\":\"search_term_string\"}}],\"inLanguage\":\"es\"}]}<\/script>\n<!-- \/ Yoast SEO plugin. -->","yoast_head_json":{"title":"Informaci\u00f3n jur\u00eddica - Tech Time 2 Skill","robots":{"index":"index","follow":"follow","max-snippet":"max-snippet:-1","max-image-preview":"max-image-preview:large","max-video-preview":"max-video-preview:-1"},"canonical":"https:\/\/techtime2skill.eu\/es\/informacion-juridica\/","og_locale":"es_ES","og_type":"article","og_title":"Informaci\u00f3n jur\u00eddica - Tech Time 2 Skill","og_description":"Informaci\u00f3n jur\u00eddicaEditorial Sitio editado por Simplon.co SAS, sociedad acreditada por ESUS con un capital social de 448.390 euros RCS Bobigny: 792 791 329 Registrado como organismo de formaci\u00f3n en la DIRECCTE Ile-de-France con el n\u00famero 11 93 06676 93. Este registro no constituye una autorizaci\u00f3n gubernamental. Persona responsable de la publicaci\u00f3n Puede ponerse en contacto con Fr\u00e9d\u00e9ric Bardeau en inbox (at) simplon (point) co Alojamiento OVH, sociedad por acciones simplificada con domicilio social en 2 rue Kellermann, 59100 Roubaix y cuyo n\u00famero de tel\u00e9fono es 0820 698 765. Dise\u00f1o, desarrollo, integraci\u00f3n e implantaci\u00f3n Mindblow SAS Agencia de Comunicaci\u00f3n Lyon 23 Boulevard des belges 69006 Lyon Contacto: contact [@] mindblow.fr SIRET: 92011742100015 Tel: 06 24 06 24 80 Datos personales y pol\u00edtica de privacidad Los datos personales recogidos en este sitio son tratados por SAS Simplon.co y sus filiales. Los formularios de nuestro sitio nos permiten facilitar su inscripci\u00f3n en los cursos de formaci\u00f3n presentados en el sitio. Puede optar por no facilitarnos datos, pero algunos de ellos son necesarios para inscribirle o para ponernos en contacto con usted antes de que se inscriba. Los datos personales recogidos se ponen en conocimiento de los destinatarios de los formularios, dentro de los [&hellip;]","og_url":"https:\/\/techtime2skill.eu\/es\/informacion-juridica\/","og_site_name":"Tech Time 2 Skill","article_modified_time":"2024-09-28T17:27:55+00:00","twitter_card":"summary_large_image","twitter_misc":{"Tiempo de lectura":"5 minutos"},"schema":{"@context":"https:\/\/schema.org","@graph":[{"@type":"WebPage","@id":"https:\/\/techtime2skill.eu\/es\/informacion-juridica\/","url":"https:\/\/techtime2skill.eu\/es\/informacion-juridica\/","name":"Informaci\u00f3n jur\u00eddica - Tech Time 2 Skill","isPartOf":{"@id":"https:\/\/techtime2skill.eu\/es\/#website"},"datePublished":"2024-01-09T16:28:40+00:00","dateModified":"2024-09-28T17:27:55+00:00","breadcrumb":{"@id":"https:\/\/techtime2skill.eu\/es\/informacion-juridica\/#breadcrumb"},"inLanguage":"es","potentialAction":[{"@type":"ReadAction","target":["https:\/\/techtime2skill.eu\/es\/informacion-juridica\/"]}]},{"@type":"BreadcrumbList","@id":"https:\/\/techtime2skill.eu\/es\/informacion-juridica\/#breadcrumb","itemListElement":[{"@type":"ListItem","position":1,"name":"Accueil","item":"https:\/\/techtime2skill.eu\/es\/"},{"@type":"ListItem","position":2,"name":"Informaci\u00f3n jur\u00eddica"}]},{"@type":"WebSite","@id":"https:\/\/techtime2skill.eu\/es\/#website","url":"https:\/\/techtime2skill.eu\/es\/","name":"Tech Time 2 Skill","description":"","potentialAction":[{"@type":"SearchAction","target":{"@type":"EntryPoint","urlTemplate":"https:\/\/techtime2skill.eu\/es\/?s={search_term_string}"},"query-input":{"@type":"PropertyValueSpecification","valueRequired":true,"valueName":"search_term_string"}}],"inLanguage":"es"}]}},"_links":{"self":[{"href":"https:\/\/techtime2skill.eu\/es\/wp-json\/wp\/v2\/pages\/1086","targetHints":{"allow":["GET"]}}],"collection":[{"href":"https:\/\/techtime2skill.eu\/es\/wp-json\/wp\/v2\/pages"}],"about":[{"href":"https:\/\/techtime2skill.eu\/es\/wp-json\/wp\/v2\/types\/page"}],"author":[{"embeddable":true,"href":"https:\/\/techtime2skill.eu\/es\/wp-json\/wp\/v2\/users\/3"}],"replies":[{"embeddable":true,"href":"https:\/\/techtime2skill.eu\/es\/wp-json\/wp\/v2\/comments?post=1086"}],"version-history":[{"count":4,"href":"https:\/\/techtime2skill.eu\/es\/wp-json\/wp\/v2\/pages\/1086\/revisions"}],"predecessor-version":[{"id":1112,"href":"https:\/\/techtime2skill.eu\/es\/wp-json\/wp\/v2\/pages\/1086\/revisions\/1112"}],"wp:attachment":[{"href":"https:\/\/techtime2skill.eu\/es\/wp-json\/wp\/v2\/media?parent=1086"}],"curies":[{"name":"wp","href":"https:\/\/api.w.org\/{rel}","templated":true}]}}